{"id":1241,"date":"2020-10-17T10:56:57","date_gmt":"2020-10-17T10:56:57","guid":{"rendered":"https:\/\/rosenexpertin.at\/?page_id=1241"},"modified":"2020-10-27T15:42:43","modified_gmt":"2020-10-27T15:42:43","slug":"impressum","status":"publish","type":"page","link":"https:\/\/rosenexpertin.at\/?page_id=1241","title":{"rendered":"Impressum"},"content":{"rendered":"<section class=\"l-section wpb_row height_large\"><div class=\"l-section-h i-cf\"><div class=\"g-cols vc_row type_default valign_top\"><div class=\"vc_col-sm-12 wpb_column vc_column_container\"><div class=\"vc_column-inner\"><div class=\"wpb_wrapper\"><div class=\"wpb_text_column\" ><div class=\"wpb_wrapper\"><p><strong>Herausgeberin:<\/strong><\/p>\n<p>Kerstin Regoli<br \/>\nGartenstra\u00dfe 23\/1<br \/>\n6840 G\u00f6tzis<br \/>\n\u00d6sterreich<br \/>\nT: +43 664 52 80 130<br \/>\nM: info@rosenexpertin.at<\/p>\n<p>Gewerbe: G\u00e4rtnerin verbunden mit Floristin (verbundenes Handwerk)<br \/>\nMitglied der WK\u00d6<br \/>\nAufsichtsbeh\u00f6rde: Bezirkshauptmannschaft Feldkirch<br \/>\nBerufsrecht: Gewerbeordnung: www.ris.bka.gv.at<br \/>\nDie Europ\u00e4ische Kommission stellt eine Plattform zur Online-Streitbeilegung (OS) bereit, die Sie unter\u00a0http:\/\/ec.europa.eu\/consumers\/odr\/\u00a0finden.<\/p>\n<p>Quellenhinweis: Bilder und Grafiken von Kerstin Regoli<\/p>\n<\/div><\/div><\/div><\/div><\/div><\/div><\/div><\/section>\n","protected":false},"excerpt":{"rendered":"Herausgeberin: Kerstin Regoli Gartenstra\u00dfe 23\/1 6840 G\u00f6tzis \u00d6sterreich T: +43 664 52 80 130 M: info@rosenexpertin.at Gewerbe: G\u00e4rtnerin verbunden mit Floristin (verbundenes Handwerk) Mitglied der WK\u00d6 Aufsichtsbeh\u00f6rde: Bezirkshauptmannschaft Feldkirch Berufsrecht: Gewerbeordnung: www.ris.bka.gv.at Die Europ\u00e4ische Kommission stellt eine Plattform zur Online-Streitbeilegung (OS) bereit, die Sie unter\u00a0http:\/\/ec.europa.eu\/consumers\/odr\/\u00a0finden. Quellenhinweis: Bilder und Grafiken von Kerstin Regoli","protected":false},"author":1,"featured_media":0,"parent":0,"menu_order":0,"comment_status":"closed","ping_status":"closed","template":"","meta":{"footnotes":""},"class_list":["post-1241","page","type-page","status-publish","hentry"],"_links":{"self":[{"href":"https:\/\/rosenexpertin.at\/index.php?rest_route=\/wp\/v2\/pages\/1241","targetHints":{"allow":["GET"]}}],"collection":[{"href":"https:\/\/rosenexpertin.at\/index.php?rest_route=\/wp\/v2\/pages"}],"about":[{"href":"https:\/\/rosenexpertin.at\/index.php?rest_route=\/wp\/v2\/types\/page"}],"author":[{"embeddable":true,"href":"https:\/\/rosenexpertin.at\/index.php?rest_route=\/wp\/v2\/users\/1"}],"replies":[{"embeddable":true,"href":"https:\/\/rosenexpertin.at\/index.php?rest_route=%2Fwp%2Fv2%2Fcomments&post=1241"}],"version-history":[{"count":5,"href":"https:\/\/rosenexpertin.at\/index.php?rest_route=\/wp\/v2\/pages\/1241\/revisions"}],"predecessor-version":[{"id":1426,"href":"https:\/\/rosenexpertin.at\/index.php?rest_route=\/wp\/v2\/pages\/1241\/revisions\/1426"}],"wp:attachment":[{"href":"https:\/\/rosenexpertin.at\/index.php?rest_route=%2Fwp%2Fv2%2Fmedia&parent=1241"}],"curies":[{"name":"wp","href":"https:\/\/api.w.org\/{rel}","templated":true}]}}